{"id":247,"date":"2023-08-28T09:15:03","date_gmt":"2023-08-28T09:15:03","guid":{"rendered":"https:\/\/cap.grupoantena.com\/?page_id=247"},"modified":"2023-08-28T09:23:37","modified_gmt":"2023-08-28T09:23:37","slug":"politica-de-cookies","status":"publish","type":"page","link":"https:\/\/cap.grupoantena.com\/index.php\/politica-de-cookies\/","title":{"rendered":"Pol\u00edtica de cookies"},"content":{"rendered":"<p>[et_pb_section fb_built=\u00bb1&#8243; _builder_version=\u00bb4.21.0&#8243; background_color=\u00bb#D9292B\u00bb background_enable_image=\u00bboff\u00bb background_position=\u00bbtop_center\u00bb custom_margin=\u00bb0px|0px|0px|0px|true|true\u00bb custom_padding=\u00bb5%||5%||true|false\u00bb custom_css_main_element=\u00bb\/*backdrop-filter: blur(6px);||-webkit-backdrop-filter: blur(6px);*\/\u00bb locked=\u00bboff\u00bb global_colors_info=\u00bb{}\u00bb][et_pb_row use_custom_gutter=\u00bbon\u00bb gutter_width=\u00bb2&#8243; make_equal=\u00bbon\u00bb _builder_version=\u00bb4.21.0&#8243; max_width=\u00bb1200px\u00bb max_width_tablet=\u00bb90%\u00bb max_width_phone=\u00bb90%\u00bb max_width_last_edited=\u00bbon|phone\u00bb custom_margin=\u00bb|auto|0px|auto|false|false\u00bb global_colors_info=\u00bb{}\u00bb][et_pb_column type=\u00bb4_4&#8243; _builder_version=\u00bb4.16&#8243; global_colors_info=\u00bb{}\u00bb][et_pb_text _builder_version=\u00bb4.21.0&#8243; header_font=\u00bb|||on|||||\u00bb header_text_align=\u00bbleft\u00bb header_text_color=\u00bb#ffffff\u00bb header_font_size=\u00bb60px\u00bb header_line_height=\u00bb1.2em\u00bb header_3_text_align=\u00bbcenter\u00bb header_3_text_color=\u00bb#FFFFFF\u00bb width_tablet=\u00bb70%\u00bb width_phone=\u00bb90%\u00bb width_last_edited=\u00bbon|phone\u00bb animation_style=\u00bbfade\u00bb header_font_size_tablet=\u00bb50px\u00bb header_font_size_phone=\u00bb25px\u00bb header_font_size_last_edited=\u00bbon|phone\u00bb header_3_text_align_tablet=\u00bbleft\u00bb header_3_text_align_phone=\u00bbleft\u00bb header_3_text_align_last_edited=\u00bbon|tablet\u00bb header_3_font_size_tablet=\u00bb35px\u00bb header_3_font_size_phone=\u00bb35px\u00bb header_3_font_size_last_edited=\u00bbon|phone\u00bb global_colors_info=\u00bb{}\u00bb]<\/p>\n<h1>Pol\u00edtica de cookies<\/h1>\n<p>[\/et_pb_text][\/et_pb_column][\/et_pb_row][\/et_pb_section][et_pb_section fb_built=\u00bb1&#8243; _builder_version=\u00bb4.21.0&#8243; _module_preset=\u00bbdefault\u00bb global_colors_info=\u00bb{}\u00bb][et_pb_row use_custom_gutter=\u00bbon\u00bb gutter_width=\u00bb2&#8243; make_equal=\u00bbon\u00bb _builder_version=\u00bb4.21.0&#8243; width_tablet=\u00bb90%\u00bb width_phone=\u00bb90%\u00bb width_last_edited=\u00bboff|phone\u00bb max_width=\u00bb1200px\u00bb max_width_tablet=\u00bb90%\u00bb max_width_phone=\u00bb90%\u00bb max_width_last_edited=\u00bbon|phone\u00bb custom_margin=\u00bb|auto|0px|auto|false|false\u00bb custom_margin_tablet=\u00bb|auto|33px|auto||\u00bb custom_margin_phone=\u00bb||0px||false|false\u00bb custom_margin_last_edited=\u00bboff|desktop\u00bb animation_direction=\u00bbbottom\u00bb locked=\u00bboff\u00bb global_colors_info=\u00bb{}\u00bb][et_pb_column type=\u00bb4_4&#8243; _builder_version=\u00bb4.16&#8243; global_colors_info=\u00bb{}\u00bb][et_pb_text _builder_version=\u00bb4.21.0&#8243; _module_preset=\u00bbdefault\u00bb global_colors_info=\u00bb{}\u00bb]<\/p>\n<p>Para que este sitio Web funcione correctamente necesita utilizar cookies, que es una informaci\u00f3n que se almacena en tu navegador web.<\/p>\n<p>En la p\u00e1gina Pol\u00edtica de Cookies puedes consultar toda la informaci\u00f3n relativa a la pol\u00edtica de recogida, la finalidad y el tratamiento de las cookies.<\/p>\n<p>[\/et_pb_text][\/et_pb_column][\/et_pb_row][et_pb_row use_custom_gutter=\u00bbon\u00bb gutter_width=\u00bb2&#8243; make_equal=\u00bbon\u00bb _builder_version=\u00bb4.21.0&#8243; max_width=\u00bb1200px\u00bb max_width_tablet=\u00bb90%\u00bb max_width_phone=\u00bb90%\u00bb max_width_last_edited=\u00bbon|phone\u00bb custom_margin=\u00bb|auto|0px|auto|false|false\u00bb animation_direction=\u00bbbottom\u00bb locked=\u00bboff\u00bb global_colors_info=\u00bb{}\u00bb][et_pb_column type=\u00bb4_4&#8243; _builder_version=\u00bb4.16&#8243; global_colors_info=\u00bb{}\u00bb][et_pb_text content_tablet=\u00bb<\/p>\n<h2 class=%22site-description%22>Garantizamos una experiencia satisfactoria y<strong> <br \/>sin complicaciones <\/strong><strong>en la b\u00fasqueda y adquisici\u00f3n de la propiedad<\/strong><\/h2>\n<p>\u00bb content_phone=\u00bb<\/p>\n<h2 class=%22site-description%22>Garantizamos una experiencia satisfactoria y <strong>sin complicaciones <\/strong><strong>en la b\u00fasqueda y adquisici\u00f3n de la propiedad<\/strong><\/h2>\n<p>\u00bb content_last_edited=\u00bboff|desktop\u00bb _builder_version=\u00bb4.21.0&#8243; header_2_text_align=\u00bbleft\u00bb header_2_font_size=\u00bb30px\u00bb header_2_line_height=\u00bb1.4em\u00bb header_2_text_align_tablet=\u00bbcenter\u00bb header_2_text_align_phone=\u00bbleft\u00bb header_2_text_align_last_edited=\u00bboff|desktop\u00bb header_2_font_size_tablet=\u00bb25px\u00bb header_2_font_size_phone=\u00bb18px\u00bb header_2_font_size_last_edited=\u00bbon|desktop\u00bb header_2_letter_spacing_phone=\u00bb0px\u00bb header_2_letter_spacing_last_edited=\u00bboff|desktop\u00bb global_colors_info=\u00bb{}\u00bb]<\/p>\n<h2 class=\"wp-block-heading\" id=\"legitimaci\u00f3n-para-el-tratamiento-de-datos\">Legitimaci\u00f3n para el tratamiento de datos<\/h2>\n<p>[\/et_pb_text][et_pb_text _builder_version=\u00bb4.21.0&#8243; _module_preset=\u00bbdefault\u00bb global_colors_info=\u00bb{}\u00bb]<\/p>\n<p>La base legal para el tratamiento de tus datos es: el consentimiento.<\/p>\n<p>Para contactar con el titular, suscribirte a un bolet\u00edn o realizar comentarios en este sitio Web tienes que aceptar la presente Pol\u00edtica de Privacidad.<\/p>\n<p>[\/et_pb_text][\/et_pb_column][\/et_pb_row][et_pb_row use_custom_gutter=\u00bbon\u00bb gutter_width=\u00bb2&#8243; make_equal=\u00bbon\u00bb _builder_version=\u00bb4.21.0&#8243; max_width=\u00bb1200px\u00bb max_width_tablet=\u00bb90%\u00bb max_width_phone=\u00bb90%\u00bb max_width_last_edited=\u00bbon|phone\u00bb custom_margin=\u00bb|auto|0px|auto|false|false\u00bb animation_direction=\u00bbbottom\u00bb locked=\u00bboff\u00bb global_colors_info=\u00bb{}\u00bb][et_pb_column type=\u00bb4_4&#8243; _builder_version=\u00bb4.16&#8243; global_colors_info=\u00bb{}\u00bb][et_pb_text content_tablet=\u00bb<\/p>\n<h2 class=%22site-description%22>Garantizamos una experiencia satisfactoria y<strong> <br \/>sin complicaciones <\/strong><strong>en la b\u00fasqueda y adquisici\u00f3n de la propiedad<\/strong><\/h2>\n<p>\u00bb content_phone=\u00bb<\/p>\n<h2 class=%22site-description%22>Garantizamos una experiencia satisfactoria y <strong>sin complicaciones <\/strong><strong>en la b\u00fasqueda y adquisici\u00f3n de la propiedad<\/strong><\/h2>\n<p>\u00bb content_last_edited=\u00bboff|desktop\u00bb _builder_version=\u00bb4.21.0&#8243; header_2_text_align=\u00bbleft\u00bb header_2_font_size=\u00bb30px\u00bb header_2_line_height=\u00bb1.4em\u00bb header_2_text_align_tablet=\u00bbcenter\u00bb header_2_text_align_phone=\u00bbleft\u00bb header_2_text_align_last_edited=\u00bboff|desktop\u00bb header_2_font_size_tablet=\u00bb25px\u00bb header_2_font_size_phone=\u00bb18px\u00bb header_2_font_size_last_edited=\u00bbon|desktop\u00bb header_2_letter_spacing_phone=\u00bb0px\u00bb header_2_letter_spacing_last_edited=\u00bboff|desktop\u00bb global_colors_info=\u00bb{}\u00bb]<\/p>\n<h3 class=\"wp-block-heading\" id=\"categor\u00edas-de-datos-personales\">Categor\u00edas de datos personales<\/h3>\n<p>[\/et_pb_text][et_pb_text _builder_version=\u00bb4.21.0&#8243; _module_preset=\u00bbdefault\u00bb global_colors_info=\u00bb{}\u00bb]<\/p>\n<p><span>Las categor\u00edas de datos personales que trata el Titular son:<\/span><\/p>\n<p>[\/et_pb_text][et_pb_blurb use_icon=\u00bbon\u00bb font_icon=\u00bb&#x35;||divi||400&#8243; icon_color=\u00bb#D9292B\u00bb icon_placement=\u00bbleft\u00bb content_max_width=\u00bb100%\u00bb _builder_version=\u00bb4.21.0&#8243; _module_preset=\u00bbdefault\u00bb body_line_height=\u00bb2em\u00bb custom_margin=\u00bb||10px||false|false\u00bb global_colors_info=\u00bb{}\u00bb]<\/p>\n<p><span>Datos identificativos<\/span><\/p>\n<p>[\/et_pb_blurb][\/et_pb_column][\/et_pb_row][et_pb_row use_custom_gutter=\u00bbon\u00bb gutter_width=\u00bb2&#8243; make_equal=\u00bbon\u00bb _builder_version=\u00bb4.21.0&#8243; max_width=\u00bb1200px\u00bb max_width_tablet=\u00bb90%\u00bb max_width_phone=\u00bb90%\u00bb max_width_last_edited=\u00bbon|phone\u00bb custom_margin=\u00bb|auto|0px|auto|false|false\u00bb animation_direction=\u00bbbottom\u00bb locked=\u00bboff\u00bb global_colors_info=\u00bb{}\u00bb][et_pb_column type=\u00bb4_4&#8243; _builder_version=\u00bb4.16&#8243; global_colors_info=\u00bb{}\u00bb][et_pb_text content_tablet=\u00bb<\/p>\n<h2 class=%22site-description%22>Garantizamos una experiencia satisfactoria y<strong> <br \/>sin complicaciones <\/strong><strong>en la b\u00fasqueda y adquisici\u00f3n de la propiedad<\/strong><\/h2>\n<p>\u00bb content_phone=\u00bb<\/p>\n<h2 class=%22site-description%22>Garantizamos una experiencia satisfactoria y <strong>sin complicaciones <\/strong><strong>en la b\u00fasqueda y adquisici\u00f3n de la propiedad<\/strong><\/h2>\n<p>\u00bb content_last_edited=\u00bboff|desktop\u00bb _builder_version=\u00bb4.21.0&#8243; header_2_text_align=\u00bbleft\u00bb header_2_font_size=\u00bb30px\u00bb header_2_line_height=\u00bb1.4em\u00bb header_2_text_align_tablet=\u00bbcenter\u00bb header_2_text_align_phone=\u00bbleft\u00bb header_2_text_align_last_edited=\u00bboff|desktop\u00bb header_2_font_size_tablet=\u00bb25px\u00bb header_2_font_size_phone=\u00bb18px\u00bb header_2_font_size_last_edited=\u00bbon|desktop\u00bb header_2_letter_spacing_phone=\u00bb0px\u00bb header_2_letter_spacing_last_edited=\u00bboff|desktop\u00bb global_colors_info=\u00bb{}\u00bb]<\/p>\n<h3 class=\"wp-block-heading\" id=\"conservaci\u00f3n-de-datos-personales\">Conservaci\u00f3n de datos personales<\/h3>\n<p>[\/et_pb_text][et_pb_text _builder_version=\u00bb4.21.0&#8243; _module_preset=\u00bbdefault\u00bb hover_enabled=\u00bb0&#8243; global_colors_info=\u00bb{}\u00bb sticky_enabled=\u00bb0&#8243;]<\/p>\n<p><span>Los datos personales que proporciones al titular se conservar\u00e1n hasta que solicites su supresi\u00f3n.<\/span><\/p>\n<p>[\/et_pb_text][\/et_pb_column][\/et_pb_row][et_pb_row use_custom_gutter=\u00bbon\u00bb gutter_width=\u00bb2&#8243; make_equal=\u00bbon\u00bb _builder_version=\u00bb4.21.0&#8243; max_width=\u00bb1200px\u00bb max_width_tablet=\u00bb90%\u00bb max_width_phone=\u00bb90%\u00bb max_width_last_edited=\u00bbon|phone\u00bb custom_margin=\u00bb|auto|0px|auto|false|false\u00bb animation_direction=\u00bbbottom\u00bb locked=\u00bboff\u00bb global_colors_info=\u00bb{}\u00bb][et_pb_column type=\u00bb4_4&#8243; _builder_version=\u00bb4.16&#8243; global_colors_info=\u00bb{}\u00bb][et_pb_text content_tablet=\u00bb<\/p>\n<h2 class=%22site-description%22>Garantizamos una experiencia satisfactoria y<strong> <br \/>sin complicaciones <\/strong><strong>en la b\u00fasqueda y adquisici\u00f3n de la propiedad<\/strong><\/h2>\n<p>\u00bb content_phone=\u00bb<\/p>\n<h2 class=%22site-description%22>Garantizamos una experiencia satisfactoria y <strong>sin complicaciones <\/strong><strong>en la b\u00fasqueda y adquisici\u00f3n de la propiedad<\/strong><\/h2>\n<p>\u00bb content_last_edited=\u00bboff|desktop\u00bb _builder_version=\u00bb4.21.0&#8243; header_2_text_align=\u00bbleft\u00bb header_2_font_size=\u00bb30px\u00bb header_2_line_height=\u00bb1.4em\u00bb hover_enabled=\u00bb0&#8243; header_2_text_align_tablet=\u00bbcenter\u00bb header_2_text_align_phone=\u00bbleft\u00bb header_2_text_align_last_edited=\u00bboff|desktop\u00bb header_2_font_size_tablet=\u00bb25px\u00bb header_2_font_size_phone=\u00bb18px\u00bb header_2_font_size_last_edited=\u00bbon|desktop\u00bb header_2_letter_spacing_phone=\u00bb0px\u00bb header_2_letter_spacing_last_edited=\u00bboff|desktop\u00bb global_colors_info=\u00bb{}\u00bb sticky_enabled=\u00bb0&#8243;]<\/p>\n<h3 class=\"wp-block-heading\" id=\"destinatarios-de-datos-personales\">Destinatarios de datos personales<\/h3>\n<p>[\/et_pb_text][et_pb_text _builder_version=\u00bb4.21.0&#8243; _module_preset=\u00bbdefault\u00bb hover_enabled=\u00bb0&#8243; global_colors_info=\u00bb{}\u00bb sticky_enabled=\u00bb0&#8243;]<\/p>\n<p><span>Elimina los que no uses:<\/span><span><\/span><\/p>\n<p>[\/et_pb_text][et_pb_blurb use_icon=\u00bbon\u00bb font_icon=\u00bb&#x35;||divi||400&#8243; icon_color=\u00bb#D9292B\u00bb icon_placement=\u00bbleft\u00bb content_max_width=\u00bb100%\u00bb _builder_version=\u00bb4.21.0&#8243; _module_preset=\u00bbdefault\u00bb body_line_height=\u00bb2em\u00bb custom_margin=\u00bb||10px||false|false\u00bb hover_enabled=\u00bb0&#8243; global_colors_info=\u00bb{}\u00bb sticky_enabled=\u00bb0&#8243;]<\/p>\n<p><strong>Google Analytics<\/strong><span>\u00a0<\/span>es un servicio de anal\u00edtica web prestado por Google, Inc., una compa\u00f1\u00eda de Delaware cuya oficina principal est\u00e1 en 1600 Amphitheatre Parkway, Mountain View (California), CA 94043, Estados Unidos (\u201cGoogle\u201d). Encontrar\u00e1s m\u00e1s informaci\u00f3n en <strong><a href=\"https:\/\/analytics.google.com\/\">este enlace<\/a><\/strong>.<br \/>Google Analytics utiliza \u201ccookies\u201d, que son archivos de texto ubicados en tu ordenador, para ayudar al Titular a analizar el uso que hacen los usuarios del sitio Web. La informaci\u00f3n que genera la cookie acerca del uso del sitio Web (incluyendo tu direcci\u00f3n IP) ser\u00e1 directamente transmitida y archivada por Google en los servidores de Estados Unidos. En Google se explica c\u00f3mo Google gestiona tu privacidad en lo que respecta al uso de las cookies y otra informaci\u00f3n.<\/p>\n<p>[\/et_pb_blurb][et_pb_text _builder_version=\u00bb4.21.0&#8243; _module_preset=\u00bbdefault\u00bb hover_enabled=\u00bb0&#8243; global_colors_info=\u00bb{}\u00bb sticky_enabled=\u00bb0&#8243;]<\/p>\n<p><span>Tambi\u00e9n puedes ver una lista de los tipos de cookies que utiliza Google y sus colaboradores y toda la informaci\u00f3n relativa al uso que hacen de cookies publicitarias.<\/span><\/p>\n<p>[\/et_pb_text][\/et_pb_column][\/et_pb_row][et_pb_row use_custom_gutter=\u00bbon\u00bb gutter_width=\u00bb2&#8243; make_equal=\u00bbon\u00bb _builder_version=\u00bb4.21.0&#8243; max_width=\u00bb1200px\u00bb max_width_tablet=\u00bb90%\u00bb max_width_phone=\u00bb90%\u00bb max_width_last_edited=\u00bbon|phone\u00bb custom_margin=\u00bb|auto|0px|auto|false|false\u00bb animation_direction=\u00bbbottom\u00bb locked=\u00bboff\u00bb global_colors_info=\u00bb{}\u00bb][et_pb_column type=\u00bb4_4&#8243; _builder_version=\u00bb4.16&#8243; global_colors_info=\u00bb{}\u00bb][et_pb_text content_tablet=\u00bb<\/p>\n<h2 class=%22site-description%22>Garantizamos una experiencia satisfactoria y<strong> <br \/>sin complicaciones <\/strong><strong>en la b\u00fasqueda y adquisici\u00f3n de la propiedad<\/strong><\/h2>\n<p>\u00bb content_phone=\u00bb<\/p>\n<h2 class=%22site-description%22>Garantizamos una experiencia satisfactoria y <strong>sin complicaciones <\/strong><strong>en la b\u00fasqueda y adquisici\u00f3n de la propiedad<\/strong><\/h2>\n<p>\u00bb content_last_edited=\u00bboff|desktop\u00bb _builder_version=\u00bb4.21.0&#8243; header_2_text_align=\u00bbleft\u00bb header_2_font_size=\u00bb30px\u00bb header_2_line_height=\u00bb1.4em\u00bb hover_enabled=\u00bb0&#8243; header_2_text_align_tablet=\u00bbcenter\u00bb header_2_text_align_phone=\u00bbleft\u00bb header_2_text_align_last_edited=\u00bboff|desktop\u00bb header_2_font_size_tablet=\u00bb25px\u00bb header_2_font_size_phone=\u00bb18px\u00bb header_2_font_size_last_edited=\u00bbon|desktop\u00bb header_2_letter_spacing_phone=\u00bb0px\u00bb header_2_letter_spacing_last_edited=\u00bboff|desktop\u00bb global_colors_info=\u00bb{}\u00bb sticky_enabled=\u00bb0&#8243;]<\/p>\n<h3 class=\"wp-block-heading\" id=\"navegaci\u00f3n-web\">Navegaci\u00f3n Web<\/h3>\n<p>[\/et_pb_text][et_pb_text _builder_version=\u00bb4.21.0&#8243; _module_preset=\u00bbdefault\u00bb hover_enabled=\u00bb0&#8243; global_colors_info=\u00bb{}\u00bb sticky_enabled=\u00bb0&#8243;]<\/p>\n<p>Al navegar por <a href=\"https:\/\/centraldealquileresdepalencia.com\">Central de Alquileres Palencia<\/a> se pueden recoger datos no identificativos, que pueden incluir, la direcci\u00f3n IP, geolocalizaci\u00f3n, un registro de c\u00f3mo se utilizan los servicios y sitios, h\u00e1bitos de navegaci\u00f3n y otros datos que no pueden ser utilizados para identificarte.<\/p>\n<p>El sitio Web utiliza los siguientes servicios de an\u00e1lisis de terceros:<\/p>\n<p>[\/et_pb_text][et_pb_blurb use_icon=\u00bbon\u00bb font_icon=\u00bb&#x35;||divi||400&#8243; icon_color=\u00bb#D9292B\u00bb icon_placement=\u00bbleft\u00bb content_max_width=\u00bb100%\u00bb _builder_version=\u00bb4.21.0&#8243; _module_preset=\u00bbdefault\u00bb body_line_height=\u00bb2em\u00bb custom_margin=\u00bb||10px||false|false\u00bb hover_enabled=\u00bb0&#8243; global_colors_info=\u00bb{}\u00bb sticky_enabled=\u00bb0&#8243;]<\/p>\n<p><strong>Google Analytics<\/strong><span>: el titular utiliza la informaci\u00f3n obtenida para obtener datos estad\u00edsticos, analizar tendencias, administrar el sitio, estudiar patrones de navegaci\u00f3n y para recopilar informaci\u00f3n demogr\u00e1fica.<\/span><\/p>\n<p>[\/et_pb_blurb][\/et_pb_column][\/et_pb_row][et_pb_row use_custom_gutter=\u00bbon\u00bb gutter_width=\u00bb2&#8243; make_equal=\u00bbon\u00bb _builder_version=\u00bb4.21.0&#8243; max_width=\u00bb1200px\u00bb max_width_tablet=\u00bb90%\u00bb max_width_phone=\u00bb90%\u00bb max_width_last_edited=\u00bbon|phone\u00bb custom_margin=\u00bb|auto|0px|auto|false|false\u00bb animation_direction=\u00bbbottom\u00bb locked=\u00bboff\u00bb global_colors_info=\u00bb{}\u00bb][et_pb_column type=\u00bb4_4&#8243; _builder_version=\u00bb4.16&#8243; global_colors_info=\u00bb{}\u00bb][et_pb_text content_tablet=\u00bb<\/p>\n<h2 class=%22site-description%22>Garantizamos una experiencia satisfactoria y<strong> <br \/>sin complicaciones <\/strong><strong>en la b\u00fasqueda y adquisici\u00f3n de la propiedad<\/strong><\/h2>\n<p>\u00bb content_phone=\u00bb<\/p>\n<h2 class=%22site-description%22>Garantizamos una experiencia satisfactoria y <strong>sin complicaciones <\/strong><strong>en la b\u00fasqueda y adquisici\u00f3n de la propiedad<\/strong><\/h2>\n<p>\u00bb content_last_edited=\u00bboff|desktop\u00bb _builder_version=\u00bb4.21.0&#8243; header_2_text_align=\u00bbleft\u00bb header_2_font_size=\u00bb30px\u00bb header_2_line_height=\u00bb1.4em\u00bb hover_enabled=\u00bb0&#8243; header_2_text_align_tablet=\u00bbcenter\u00bb header_2_text_align_phone=\u00bbleft\u00bb header_2_text_align_last_edited=\u00bboff|desktop\u00bb header_2_font_size_tablet=\u00bb25px\u00bb header_2_font_size_phone=\u00bb18px\u00bb header_2_font_size_last_edited=\u00bbon|desktop\u00bb header_2_letter_spacing_phone=\u00bb0px\u00bb header_2_letter_spacing_last_edited=\u00bboff|desktop\u00bb global_colors_info=\u00bb{}\u00bb sticky_enabled=\u00bb0&#8243;]<\/p>\n<h3 class=\"wp-block-heading\" id=\"exactitud-y-veracidad-de-los-datos-personales\">Exactitud y veracidad de los datos personales<\/h3>\n<p>[\/et_pb_text][et_pb_text _builder_version=\u00bb4.21.0&#8243; _module_preset=\u00bbdefault\u00bb hover_enabled=\u00bb0&#8243; global_colors_info=\u00bb{}\u00bb sticky_enabled=\u00bb0&#8243;]<\/p>\n<p>Te comprometes a que los datos facilitados al Titular sean correctos, completos, exactos y vigentes, as\u00ed como a mantenerlos debidamente actualizados.<\/p>\n<p>Como Usuario del sitio Web eres el \u00fanico responsable de la veracidad y correcci\u00f3n de los datos que remitas al sitio exonerando a el Titular de cualquier responsabilidad al respecto.<\/p>\n<p>[\/et_pb_text][\/et_pb_column][\/et_pb_row][et_pb_row use_custom_gutter=\u00bbon\u00bb gutter_width=\u00bb2&#8243; make_equal=\u00bbon\u00bb _builder_version=\u00bb4.21.0&#8243; max_width=\u00bb1200px\u00bb max_width_tablet=\u00bb90%\u00bb max_width_phone=\u00bb90%\u00bb max_width_last_edited=\u00bbon|phone\u00bb custom_margin=\u00bb|auto|0px|auto|false|false\u00bb animation_direction=\u00bbbottom\u00bb locked=\u00bboff\u00bb global_colors_info=\u00bb{}\u00bb][et_pb_column type=\u00bb4_4&#8243; _builder_version=\u00bb4.16&#8243; global_colors_info=\u00bb{}\u00bb][et_pb_text content_tablet=\u00bb<\/p>\n<h2 class=%22site-description%22>Garantizamos una experiencia satisfactoria y<strong> <br \/>sin complicaciones <\/strong><strong>en la b\u00fasqueda y adquisici\u00f3n de la propiedad<\/strong><\/h2>\n<p>\u00bb content_phone=\u00bb<\/p>\n<h2 class=%22site-description%22>Garantizamos una experiencia satisfactoria y <strong>sin complicaciones <\/strong><strong>en la b\u00fasqueda y adquisici\u00f3n de la propiedad<\/strong><\/h2>\n<p>\u00bb content_last_edited=\u00bboff|desktop\u00bb _builder_version=\u00bb4.21.0&#8243; header_2_text_align=\u00bbleft\u00bb header_2_font_size=\u00bb30px\u00bb header_2_line_height=\u00bb1.4em\u00bb hover_enabled=\u00bb0&#8243; header_2_text_align_tablet=\u00bbcenter\u00bb header_2_text_align_phone=\u00bbleft\u00bb header_2_text_align_last_edited=\u00bboff|desktop\u00bb header_2_font_size_tablet=\u00bb25px\u00bb header_2_font_size_phone=\u00bb18px\u00bb header_2_font_size_last_edited=\u00bbon|desktop\u00bb header_2_letter_spacing_phone=\u00bb0px\u00bb header_2_letter_spacing_last_edited=\u00bboff|desktop\u00bb global_colors_info=\u00bb{}\u00bb sticky_enabled=\u00bb0&#8243;]<\/p>\n<h3 class=\"wp-block-heading\" id=\"aceptaci\u00f3n-y-consentimiento\">Aceptaci\u00f3n y consentimiento<\/h3>\n<p>[\/et_pb_text][et_pb_text _builder_version=\u00bb4.21.0&#8243; _module_preset=\u00bbdefault\u00bb hover_enabled=\u00bb0&#8243; global_colors_info=\u00bb{}\u00bb sticky_enabled=\u00bb0&#8243;]<\/p>\n<p><span>Como Usuario del sitio Web declaras haber sido informado de las condiciones sobre protecci\u00f3n de datos de car\u00e1cter personal, aceptas y consientes el tratamiento de los mismos por parte de el Titular en la forma y para las finalidades indicadas en esta Pol\u00edtica de Privacidad.<\/span><\/p>\n<p>[\/et_pb_text][\/et_pb_column][\/et_pb_row][et_pb_row use_custom_gutter=\u00bbon\u00bb gutter_width=\u00bb2&#8243; make_equal=\u00bbon\u00bb _builder_version=\u00bb4.21.0&#8243; max_width=\u00bb1200px\u00bb max_width_tablet=\u00bb90%\u00bb max_width_phone=\u00bb90%\u00bb max_width_last_edited=\u00bbon|phone\u00bb custom_margin=\u00bb|auto|0px|auto|false|false\u00bb animation_direction=\u00bbbottom\u00bb locked=\u00bboff\u00bb global_colors_info=\u00bb{}\u00bb][et_pb_column type=\u00bb4_4&#8243; _builder_version=\u00bb4.16&#8243; global_colors_info=\u00bb{}\u00bb][et_pb_text content_tablet=\u00bb<\/p>\n<h2 class=%22site-description%22>Garantizamos una experiencia satisfactoria y<strong> <br \/>sin complicaciones <\/strong><strong>en la b\u00fasqueda y adquisici\u00f3n de la propiedad<\/strong><\/h2>\n<p>\u00bb content_phone=\u00bb<\/p>\n<h2 class=%22site-description%22>Garantizamos una experiencia satisfactoria y <strong>sin complicaciones <\/strong><strong>en la b\u00fasqueda y adquisici\u00f3n de la propiedad<\/strong><\/h2>\n<p>\u00bb content_last_edited=\u00bboff|desktop\u00bb _builder_version=\u00bb4.21.0&#8243; header_2_text_align=\u00bbleft\u00bb header_2_font_size=\u00bb30px\u00bb header_2_line_height=\u00bb1.4em\u00bb hover_enabled=\u00bb0&#8243; header_2_text_align_tablet=\u00bbcenter\u00bb header_2_text_align_phone=\u00bbleft\u00bb header_2_text_align_last_edited=\u00bboff|desktop\u00bb header_2_font_size_tablet=\u00bb25px\u00bb header_2_font_size_phone=\u00bb18px\u00bb header_2_font_size_last_edited=\u00bbon|desktop\u00bb header_2_letter_spacing_phone=\u00bb0px\u00bb header_2_letter_spacing_last_edited=\u00bboff|desktop\u00bb global_colors_info=\u00bb{}\u00bb sticky_enabled=\u00bb0&#8243;]<\/p>\n<h3 class=\"wp-block-heading\" id=\"revocabilidad\">Revocabilidad<\/h3>\n<p>[\/et_pb_text][et_pb_text _builder_version=\u00bb4.21.0&#8243; _module_preset=\u00bbdefault\u00bb hover_enabled=\u00bb0&#8243; global_colors_info=\u00bb{}\u00bb sticky_enabled=\u00bb0&#8243;]<\/p>\n<p>Para ejercitar tus derechos de acceso, rectificaci\u00f3n, cancelaci\u00f3n, portabilidad y oposici\u00f3n tienes que enviar un correo electr\u00f3nico a <a href=\"mailto:centraldealquileres2@gmail.com\">centraldealquileres2@gmail.com<\/a>\u00a0junto con la prueba v\u00e1lida en derecho como una fotocopia del D.N.I. o equivalente.<\/p>\n<p>El ejercicio de tus derechos no incluye ning\u00fan dato que el Titular est\u00e9 obligado a conservar con fines administrativos, legales o de seguridad.<\/p>\n<p>[\/et_pb_text][\/et_pb_column][\/et_pb_row][\/et_pb_section]<\/p>\n","protected":false},"excerpt":{"rendered":"<p>Pol\u00edtica de cookiesPara que este sitio Web funcione correctamente necesita utilizar cookies, que es una informaci\u00f3n que se almacena en tu navegador web. En la p\u00e1gina Pol\u00edtica de Cookies puedes consultar toda la informaci\u00f3n relativa a la pol\u00edtica de recogida, la finalidad y el tratamiento de las cookies.Legitimaci\u00f3n para el tratamiento de datosLa base legal [&hellip;]<\/p>\n","protected":false},"author":1,"featured_media":0,"parent":0,"menu_order":0,"comment_status":"closed","ping_status":"closed","template":"","meta":{"_et_pb_use_builder":"on","_et_pb_old_content":"","_et_gb_content_width":"","_joinchat":[],"footnotes":""},"class_list":["post-247","page","type-page","status-publish","hentry"],"_links":{"self":[{"href":"https:\/\/cap.grupoantena.com\/index.php\/wp-json\/wp\/v2\/pages\/247","targetHints":{"allow":["GET"]}}],"collection":[{"href":"https:\/\/cap.grupoantena.com\/index.php\/wp-json\/wp\/v2\/pages"}],"about":[{"href":"https:\/\/cap.grupoantena.com\/index.php\/wp-json\/wp\/v2\/types\/page"}],"author":[{"embeddable":true,"href":"https:\/\/cap.grupoantena.com\/index.php\/wp-json\/wp\/v2\/users\/1"}],"replies":[{"embeddable":true,"href":"https:\/\/cap.grupoantena.com\/index.php\/wp-json\/wp\/v2\/comments?post=247"}],"version-history":[{"count":10,"href":"https:\/\/cap.grupoantena.com\/index.php\/wp-json\/wp\/v2\/pages\/247\/revisions"}],"predecessor-version":[{"id":259,"href":"https:\/\/cap.grupoantena.com\/index.php\/wp-json\/wp\/v2\/pages\/247\/revisions\/259"}],"wp:attachment":[{"href":"https:\/\/cap.grupoantena.com\/index.php\/wp-json\/wp\/v2\/media?parent=247"}],"curies":[{"name":"wp","href":"https:\/\/api.w.org\/{rel}","templated":true}]}}